{"id":6123,"date":"2023-02-25T16:00:01","date_gmt":"2023-02-25T15:00:01","guid":{"rendered":"https:\/\/www.skytrans.sk\/privacy-policy\/"},"modified":"2023-03-15T14:20:51","modified_gmt":"2023-03-15T13:20:51","slug":"privacy-policy","status":"publish","type":"page","link":"https:\/\/www.skytrans.sk\/en\/privacy-policy\/","title":{"rendered":"Privacy Policy"},"content":{"rendered":"\n<h2>Who we are<\/h2>\n\n<p><strong class=\"privacy-policy-tutorial\"> <\/strong>Our website address is: https:\/\/www.skytrans.sk.<\/p>\n\n<h2>Comments<\/h2>\n\n<p>Comments are not allowed on our site. It is thus not possible to collect data from comments.  <\/p>\n\n<h2>Multimedia<\/h2>\n\n<p><strong class=\"privacy-policy-tutorial\">Suggested text: <\/strong>when uploading images to a website, you should avoid uploading images with EXIF GPS location data. Visitors to the site can download and view any location data from the images.<\/p>\n\n<h2>Cookies<\/h2>\n\n<p>If you accept cookies on our site, you may consent to the storage of your name, email address and website in cookies. This is for your convenience, so that you don&#8217;t have to refill your details again when adding another comment. These cookies are valid for 30 days.<\/p>\n\n<p><\/p>\n\n<h2>Embedded content from other websites<\/h2>\n\n<p>We do not use content from other websites<\/p>\n\n<h2>Who we share your data with<\/h2>\n\n<p><strong class=\"privacy-policy-tutorial\"> <\/strong>We collect anonymised data via Google Analytics for traffic measurement. However, this data is not disclosed to third parties.  <\/p>\n\n<h2>How long we keep your data<\/h2>\n\n<p>We use your data from contact forms exclusively to answer the question from the form or to process the order sent in this way. They are stored for as long as required by law for accounting documents.  <\/p>\n\n<h2>What rights you have over your data<\/h2>\n\n<p>You can request the deletion of your personal data. However, this does not apply to data we need to keep about you for administrative, legal or security reasons.  <\/p>\n\n<h2>Where your data is sent<\/h2>\n\n<p>The anonymised data (IP address, browser version or device model) is sent to Google for the purpose of measuring traffic.  <\/p>\n","protected":false},"excerpt":{"rendered":"<p>Who we are Our website address is: https:\/\/www.skytrans.sk. Comments Comments are not allowed on our site. It is thus not possible to collect data from comments. Multimedia Suggested text: when uploading images to a website, you should avoid uploading images with EXIF GPS location data. Visitors to the site can download and view any location&hellip;<\/p>\n","protected":false},"author":1,"featured_media":0,"parent":0,"menu_order":0,"comment_status":"closed","ping_status":"open","template":"","meta":{"_monsterinsights_skip_tracking":false,"_monsterinsights_sitenote_active":false,"_monsterinsights_sitenote_note":"","_monsterinsights_sitenote_category":0},"yoast_head":"<!-- This site is optimized with the Yoast SEO plugin v20.10 - https:\/\/yoast.com\/wordpress\/plugins\/seo\/ -->\n<title>Privacy Policy - SkyTrans.sk<\/title>\n<meta name=\"robots\" content=\"index, follow, max-snippet:-1, max-image-preview:large, max-video-preview:-1\" \/>\n<link rel=\"canonical\" href=\"https:\/\/www.skytrans.sk\/en\/privacy-policy\/\" \/>\n<meta property=\"og:locale\" content=\"en_US\" \/>\n<meta property=\"og:type\" content=\"article\" \/>\n<meta property=\"og:title\" content=\"Privacy Policy - SkyTrans.sk\" \/>\n<meta property=\"og:description\" content=\"Who we are Our website address is: https:\/\/www.skytrans.sk. Comments Comments are not allowed on our site. It is thus not possible to collect data from comments. Multimedia Suggested text: when uploading images to a website, you should avoid uploading images with EXIF GPS location data. Visitors to the site can download and view any location&hellip;\" \/>\n<meta property=\"og:url\" content=\"https:\/\/www.skytrans.sk\/en\/privacy-policy\/\" \/>\n<meta property=\"og:site_name\" content=\"SkyTrans.sk\" \/>\n<meta property=\"article:modified_time\" content=\"2023-03-15T13:20:51+00:00\" \/>\n<meta name=\"twitter:card\" content=\"summary_large_image\" \/>\n<meta name=\"twitter:label1\" content=\"Est. reading time\" \/>\n\t<meta name=\"twitter:data1\" content=\"1 minute\" \/>\n<script type=\"application\/ld+json\" class=\"yoast-schema-graph\">{\"@context\":\"https:\/\/schema.org\",\"@graph\":[{\"@type\":\"WebPage\",\"@id\":\"https:\/\/www.skytrans.sk\/en\/privacy-policy\/\",\"url\":\"https:\/\/www.skytrans.sk\/en\/privacy-policy\/\",\"name\":\"Privacy Policy - SkyTrans.sk\",\"isPartOf\":{\"@id\":\"https:\/\/www.skytrans.sk\/en\/#website\"},\"datePublished\":\"2023-02-25T15:00:01+00:00\",\"dateModified\":\"2023-03-15T13:20:51+00:00\",\"breadcrumb\":{\"@id\":\"https:\/\/www.skytrans.sk\/en\/privacy-policy\/#breadcrumb\"},\"inLanguage\":\"en-US\",\"potentialAction\":[{\"@type\":\"ReadAction\",\"target\":[\"https:\/\/www.skytrans.sk\/en\/privacy-policy\/\"]}]},{\"@type\":\"BreadcrumbList\",\"@id\":\"https:\/\/www.skytrans.sk\/en\/privacy-policy\/#breadcrumb\",\"itemListElement\":[{\"@type\":\"ListItem\",\"position\":1,\"name\":\"Home\",\"item\":\"https:\/\/www.skytrans.sk\/en\/\"},{\"@type\":\"ListItem\",\"position\":2,\"name\":\"Privacy Policy\"}]},{\"@type\":\"WebSite\",\"@id\":\"https:\/\/www.skytrans.sk\/en\/#website\",\"url\":\"https:\/\/www.skytrans.sk\/en\/\",\"name\":\"SkyTrans.sk\",\"description\":\"R\u00fdchle &amp; bezpe\u010dn\u00e9 doru\u010denie. Kedyko\u013evek. Kamko\u013evek.\",\"publisher\":{\"@id\":\"https:\/\/www.skytrans.sk\/en\/#organization\"},\"potentialAction\":[{\"@type\":\"SearchAction\",\"target\":{\"@type\":\"EntryPoint\",\"urlTemplate\":\"https:\/\/www.skytrans.sk\/en\/?s={search_term_string}\"},\"query-input\":\"required name=search_term_string\"}],\"inLanguage\":\"en-US\"},{\"@type\":\"Organization\",\"@id\":\"https:\/\/www.skytrans.sk\/en\/#organization\",\"name\":\"SkyTrans.sk\",\"url\":\"https:\/\/www.skytrans.sk\/en\/\",\"logo\":{\"@type\":\"ImageObject\",\"inLanguage\":\"en-US\",\"@id\":\"https:\/\/www.skytrans.sk\/en\/#\/schema\/logo\/image\/\",\"url\":\"https:\/\/www.skytrans.sk\/wp-content\/uploads\/2020\/02\/log-logo-bright.svg\",\"contentUrl\":\"https:\/\/www.skytrans.sk\/wp-content\/uploads\/2020\/02\/log-logo-bright.svg\",\"width\":506,\"height\":187,\"caption\":\"SkyTrans.sk\"},\"image\":{\"@id\":\"https:\/\/www.skytrans.sk\/en\/#\/schema\/logo\/image\/\"}}]}<\/script>\n<!-- \/ Yoast SEO plugin. -->","yoast_head_json":{"title":"Privacy Policy - SkyTrans.sk","robots":{"index":"index","follow":"follow","max-snippet":"max-snippet:-1","max-image-preview":"max-image-preview:large","max-video-preview":"max-video-preview:-1"},"canonical":"https:\/\/www.skytrans.sk\/en\/privacy-policy\/","og_locale":"en_US","og_type":"article","og_title":"Privacy Policy - SkyTrans.sk","og_description":"Who we are Our website address is: https:\/\/www.skytrans.sk. Comments Comments are not allowed on our site. It is thus not possible to collect data from comments. Multimedia Suggested text: when uploading images to a website, you should avoid uploading images with EXIF GPS location data. Visitors to the site can download and view any location&hellip;","og_url":"https:\/\/www.skytrans.sk\/en\/privacy-policy\/","og_site_name":"SkyTrans.sk","article_modified_time":"2023-03-15T13:20:51+00:00","twitter_card":"summary_large_image","twitter_misc":{"Est. reading time":"1 minute"},"schema":{"@context":"https:\/\/schema.org","@graph":[{"@type":"WebPage","@id":"https:\/\/www.skytrans.sk\/en\/privacy-policy\/","url":"https:\/\/www.skytrans.sk\/en\/privacy-policy\/","name":"Privacy Policy - SkyTrans.sk","isPartOf":{"@id":"https:\/\/www.skytrans.sk\/en\/#website"},"datePublished":"2023-02-25T15:00:01+00:00","dateModified":"2023-03-15T13:20:51+00:00","breadcrumb":{"@id":"https:\/\/www.skytrans.sk\/en\/privacy-policy\/#breadcrumb"},"inLanguage":"en-US","potentialAction":[{"@type":"ReadAction","target":["https:\/\/www.skytrans.sk\/en\/privacy-policy\/"]}]},{"@type":"BreadcrumbList","@id":"https:\/\/www.skytrans.sk\/en\/privacy-policy\/#breadcrumb","itemListElement":[{"@type":"ListItem","position":1,"name":"Home","item":"https:\/\/www.skytrans.sk\/en\/"},{"@type":"ListItem","position":2,"name":"Privacy Policy"}]},{"@type":"WebSite","@id":"https:\/\/www.skytrans.sk\/en\/#website","url":"https:\/\/www.skytrans.sk\/en\/","name":"SkyTrans.sk","description":"R\u00fdchle &amp; bezpe\u010dn\u00e9 doru\u010denie. Kedyko\u013evek. Kamko\u013evek.","publisher":{"@id":"https:\/\/www.skytrans.sk\/en\/#organization"},"potentialAction":[{"@type":"SearchAction","target":{"@type":"EntryPoint","urlTemplate":"https:\/\/www.skytrans.sk\/en\/?s={search_term_string}"},"query-input":"required name=search_term_string"}],"inLanguage":"en-US"},{"@type":"Organization","@id":"https:\/\/www.skytrans.sk\/en\/#organization","name":"SkyTrans.sk","url":"https:\/\/www.skytrans.sk\/en\/","logo":{"@type":"ImageObject","inLanguage":"en-US","@id":"https:\/\/www.skytrans.sk\/en\/#\/schema\/logo\/image\/","url":"https:\/\/www.skytrans.sk\/wp-content\/uploads\/2020\/02\/log-logo-bright.svg","contentUrl":"https:\/\/www.skytrans.sk\/wp-content\/uploads\/2020\/02\/log-logo-bright.svg","width":506,"height":187,"caption":"SkyTrans.sk"},"image":{"@id":"https:\/\/www.skytrans.sk\/en\/#\/schema\/logo\/image\/"}}]}},"_links":{"self":[{"href":"https:\/\/www.skytrans.sk\/en\/wp-json\/wp\/v2\/pages\/6123"}],"collection":[{"href":"https:\/\/www.skytrans.sk\/en\/wp-json\/wp\/v2\/pages"}],"about":[{"href":"https:\/\/www.skytrans.sk\/en\/wp-json\/wp\/v2\/types\/page"}],"author":[{"embeddable":true,"href":"https:\/\/www.skytrans.sk\/en\/wp-json\/wp\/v2\/users\/1"}],"replies":[{"embeddable":true,"href":"https:\/\/www.skytrans.sk\/en\/wp-json\/wp\/v2\/comments?post=6123"}],"version-history":[{"count":2,"href":"https:\/\/www.skytrans.sk\/en\/wp-json\/wp\/v2\/pages\/6123\/revisions"}],"predecessor-version":[{"id":6125,"href":"https:\/\/www.skytrans.sk\/en\/wp-json\/wp\/v2\/pages\/6123\/revisions\/6125"}],"wp:attachment":[{"href":"https:\/\/www.skytrans.sk\/en\/wp-json\/wp\/v2\/media?parent=6123"}],"curies":[{"name":"wp","href":"https:\/\/api.w.org\/{rel}","templated":true}]}}